{"id":1724,"date":"2023-09-29T15:05:46","date_gmt":"2023-09-29T13:05:46","guid":{"rendered":"https:\/\/testeascarpa.com\/responsabilidade\/"},"modified":"2023-09-29T15:11:48","modified_gmt":"2023-09-29T13:11:48","slug":"responsabilidade","status":"publish","type":"page","link":"https:\/\/testeascarpa.com\/pt-pt\/responsabilidade\/","title":{"rendered":"Responsabilidade"},"content":{"rendered":"<div class=\"container container-lg-custom py-5\"><div class=\"row\"><div class=\"col\">\t\t<div data-elementor-type=\"wp-page\" data-elementor-id=\"1724\" class=\"elementor elementor-1724 elementor-1722\">\n\t\t\t\t\t\t<section class=\"elementor-section elementor-top-section elementor-element elementor-element-35e02d8 elementor-section-stretched elementor-section-boxed elementor-section-height-default elementor-section-height-default\" data-id=\"35e02d8\" data-element_type=\"section\" data-e-type=\"section\" data-settings=\"{&quot;stretch_section&quot;:&quot;section-stretched&quot;,&quot;background_background&quot;:&quot;classic&quot;}\">\n\t\t\t\t\t\t\t<div class=\"elementor-background-overlay\"><\/div>\n\t\t\t\t\t\t\t<div class=\"elementor-container elementor-column-gap-default\">\n\t\t\t\t\t<div class=\"elementor-column elementor-col-100 elementor-top-column elementor-element elementor-element-e03b672\" data-id=\"e03b672\" data-element_type=\"column\" data-e-type=\"column\">\n\t\t\t<div class=\"elementor-widget-wrap elementor-element-populated\">\n\t\t\t\t\t\t<div class=\"elementor-element elementor-element-84c91f4 tiposcarpaboldh2 elementor-widget elementor-widget-heading\" data-id=\"84c91f4\" data-element_type=\"widget\" data-e-type=\"widget\" data-widget_type=\"heading.default\">\n\t\t\t\t<div class=\"elementor-widget-container\">\n\t\t\t\t\t<h2 class=\"elementor-heading-title elementor-size-default\">Responsabilidade<\/h2>\t\t\t\t<\/div>\n\t\t\t\t<\/div>\n\t\t\t\t\t<\/div>\n\t\t<\/div>\n\t\t\t\t\t<\/div>\n\t\t<\/section>\n\t\t\t\t<section class=\"elementor-section elementor-top-section elementor-element elementor-element-abee222 elementor-section-stretched elementor-section-boxed elementor-section-height-default elementor-section-height-default\" data-id=\"abee222\" data-element_type=\"section\" data-e-type=\"section\" data-settings=\"{&quot;stretch_section&quot;:&quot;section-stretched&quot;,&quot;background_background&quot;:&quot;classic&quot;}\">\n\t\t\t\t\t\t\t<div class=\"elementor-background-overlay\"><\/div>\n\t\t\t\t\t\t\t<div class=\"elementor-container elementor-column-gap-default\">\n\t\t\t\t\t<div class=\"elementor-column elementor-col-100 elementor-top-column elementor-element elementor-element-7a6ec67\" data-id=\"7a6ec67\" data-element_type=\"column\" data-e-type=\"column\">\n\t\t\t<div class=\"elementor-widget-wrap elementor-element-populated\">\n\t\t\t\t\t\t<div class=\"elementor-element elementor-element-03eccc4 elementor-widget elementor-widget-text-editor\" data-id=\"03eccc4\" data-element_type=\"widget\" data-e-type=\"widget\" data-widget_type=\"text-editor.default\">\n\t\t\t\t<div class=\"elementor-widget-container\">\n\t\t\t\t\t\t\t\t\t<p>O participante registado declara que est\u00e1 apto a realizar <strong>o ensaio do produto<\/strong>\u00a0(prova de corrida), n\u00e3o sofrendo de qualquer les\u00e3o que possa ser agravada em consequ\u00eancia da prova, e declara, por conseguinte, estar em condi\u00e7\u00f5es f\u00edsicas de correr durante uma hora, tal como voluntariamente pretende participar, experimentando sapatilhas de corrida a que n\u00e3o est\u00e1 habituado e aceitando todos os riscos e situa\u00e7\u00f5es que possam advir da sua participa\u00e7\u00e3o nesta prova.<\/p><p>Les\u00f5es, perturba\u00e7\u00f5es f\u00edsicas e ps\u00edquicas, todos os tipos de acidentes com ve\u00edculos mec\u00e2nicos ou n\u00e3o mec\u00e2nicos. Ataques de animais ou pessoas e qualquer outra situa\u00e7\u00e3o que possa surgir, isentando <strong>a Panasport ETD S.L., a Scarpa<\/strong> e os colaboradores e patrocinadores de qualquer responsabilidade por qualquer acidente, incidente ou contratempo.<\/p><p>O participante declara aceitar permanentemente todas as indica\u00e7\u00f5es dadas pela pessoa respons\u00e1vel pelo evento, a fim de evitar qualquer dano aos bens de outras pessoas e \u00e0 sua pessoa.<\/p><p>Por todas estas raz\u00f5es, e como condi\u00e7\u00e3o para participar no evento, o participante aceita todas as condi\u00e7\u00f5es e sugest\u00f5es impostas pela pessoa respons\u00e1vel pelo evento.<\/p>\t\t\t\t\t\t\t\t<\/div>\n\t\t\t\t<\/div>\n\t\t\t\t\t<\/div>\n\t\t<\/div>\n\t\t\t\t\t<\/div>\n\t\t<\/section>\n\t\t\t\t<section class=\"elementor-section elementor-top-section elementor-element elementor-element-03b5a78 elementor-hidden-desktop elementor-hidden-tablet elementor-hidden-mobile elementor-section-boxed elementor-section-height-default elementor-section-height-default\" data-id=\"03b5a78\" data-element_type=\"section\" data-e-type=\"section\">\n\t\t\t\t\t\t<div class=\"elementor-container elementor-column-gap-default\">\n\t\t\t\t\t<div class=\"elementor-column elementor-col-100 elementor-top-column elementor-element elementor-element-18a9069\" data-id=\"18a9069\" data-element_type=\"column\" data-e-type=\"column\">\n\t\t\t<div class=\"elementor-widget-wrap elementor-element-populated\">\n\t\t\t\t\t\t<div class=\"elementor-element elementor-element-9511140 elementor-widget elementor-widget-html\" data-id=\"9511140\" data-element_type=\"widget\" data-e-type=\"widget\" data-widget_type=\"html.default\">\n\t\t\t\t<div class=\"elementor-widget-container\">\n\t\t\t\t\t<style>input.wpcf7-form-control.has-spinner.wpcf7-submit:hover {\n    border-color: #00aec7;\n    background-color: #00aec7;\n}\n    \n    .container.container-lg-custom.py-5 {\n    padding-bottom: 0px !IMPORTANT;\n    padding-top: 0px !IMPORTANT;\n}\n    form {\n    max-width: 85%;\n    background-color: #fffffff0;\n    border-top-left-radius: 2px;\n    border-top-right-radius: 2px;\n    border-bottom-right-radius: 2px;\n    border-bottom-left-radius: 2px;\n    box-shadow: 0px 5px 20px -5px rgb(0 0 0 \/ 25%);\n    padding: 50px 40px 25px 40px;\n    border-radius: 10px !IMPORTANT;\n}\ntextarea.wpcf7-form-control.wpcf7-textarea {\n    max-height: 100px;\n}\ninput.wpcf7-form-control.wpcf7-text.wpcf7-validates-as-required,textarea.wpcf7-form-control.wpcf7-textarea {\n    box-shadow: inset 0 1px 2px rgb(0 0 0 \/ 10%);\n    border-radius: 10px !IMPORTANT;\n    border-color: #00aec7!IMPORTANT;\n}\n.wpcf7-submit:not(.btn) {\n   \n  \n    background-color: #000000;\n    border-color: #000000;\n   \n}\n<\/style>\t\t\t\t<\/div>\n\t\t\t\t<\/div>\n\t\t\t\t\t<\/div>\n\t\t<\/div>\n\t\t\t\t\t<\/div>\n\t\t<\/section>\n\t\t\t\t<\/div>\n\t\t<\/div><\/div><\/div>","protected":false},"excerpt":{"rendered":"<p>Responsabilidade O participante registado declara que est\u00e1 apto a realizar o ensaio do produto\u00a0(prova de corrida), n\u00e3o sofrendo de qualquer les\u00e3o que possa ser agravada em consequ\u00eancia da prova, e declara, por conseguinte, estar em condi\u00e7\u00f5es f\u00edsicas de correr durante uma hora, tal como voluntariamente pretende participar, experimentando sapatilhas de corrida a que n\u00e3o est\u00e1 [&hellip;]<\/p>\n","protected":false},"author":2,"featured_media":0,"parent":0,"menu_order":0,"comment_status":"closed","ping_status":"closed","template":"","meta":{"inline_featured_image":false,"footnotes":""},"class_list":["post-1724","page","type-page","status-publish","hentry"],"_links":{"self":[{"href":"https:\/\/testeascarpa.com\/pt-pt\/wp-json\/wp\/v2\/pages\/1724","targetHints":{"allow":["GET"]}}],"collection":[{"href":"https:\/\/testeascarpa.com\/pt-pt\/wp-json\/wp\/v2\/pages"}],"about":[{"href":"https:\/\/testeascarpa.com\/pt-pt\/wp-json\/wp\/v2\/types\/page"}],"author":[{"embeddable":true,"href":"https:\/\/testeascarpa.com\/pt-pt\/wp-json\/wp\/v2\/users\/2"}],"replies":[{"embeddable":true,"href":"https:\/\/testeascarpa.com\/pt-pt\/wp-json\/wp\/v2\/comments?post=1724"}],"version-history":[{"count":9,"href":"https:\/\/testeascarpa.com\/pt-pt\/wp-json\/wp\/v2\/pages\/1724\/revisions"}],"predecessor-version":[{"id":1742,"href":"https:\/\/testeascarpa.com\/pt-pt\/wp-json\/wp\/v2\/pages\/1724\/revisions\/1742"}],"wp:attachment":[{"href":"https:\/\/testeascarpa.com\/pt-pt\/wp-json\/wp\/v2\/media?parent=1724"}],"curies":[{"name":"wp","href":"https:\/\/api.w.org\/{rel}","templated":true}]}}