{"id":1469,"date":"2022-03-28T16:38:51","date_gmt":"2022-03-28T14:38:51","guid":{"rendered":"https:\/\/testeascarpa.com\/politica-de-privacidade\/"},"modified":"2023-09-28T16:52:44","modified_gmt":"2023-09-28T14:52:44","slug":"politica-de-privacidade","status":"publish","type":"page","link":"https:\/\/testeascarpa.com\/pt-pt\/politica-de-privacidade\/","title":{"rendered":"Pol\u00edtica de privacidade"},"content":{"rendered":"<div class=\"container container-lg-custom py-5\"><div class=\"row\"><div class=\"col\">\t\t<div data-elementor-type=\"wp-page\" data-elementor-id=\"1469\" class=\"elementor elementor-1469 elementor-509\">\n\t\t\t\t\t\t<section class=\"elementor-section elementor-top-section elementor-element elementor-element-35e02d8 elementor-section-stretched elementor-section-boxed elementor-section-height-default elementor-section-height-default\" data-id=\"35e02d8\" data-element_type=\"section\" data-e-type=\"section\" data-settings=\"{&quot;stretch_section&quot;:&quot;section-stretched&quot;,&quot;background_background&quot;:&quot;classic&quot;}\">\n\t\t\t\t\t\t\t<div class=\"elementor-background-overlay\"><\/div>\n\t\t\t\t\t\t\t<div class=\"elementor-container elementor-column-gap-default\">\n\t\t\t\t\t<div class=\"elementor-column elementor-col-100 elementor-top-column elementor-element elementor-element-e03b672\" data-id=\"e03b672\" data-element_type=\"column\" data-e-type=\"column\">\n\t\t\t<div class=\"elementor-widget-wrap elementor-element-populated\">\n\t\t\t\t\t\t<div class=\"elementor-element elementor-element-84c91f4 tiposcarpaboldh2 elementor-widget elementor-widget-heading\" data-id=\"84c91f4\" data-element_type=\"widget\" data-e-type=\"widget\" data-widget_type=\"heading.default\">\n\t\t\t\t<div class=\"elementor-widget-container\">\n\t\t\t\t\t<h2 class=\"elementor-heading-title elementor-size-default\">Pol\u00edtica de privacidade<\/h2>\t\t\t\t<\/div>\n\t\t\t\t<\/div>\n\t\t\t\t\t<\/div>\n\t\t<\/div>\n\t\t\t\t\t<\/div>\n\t\t<\/section>\n\t\t\t\t<section class=\"elementor-section elementor-top-section elementor-element elementor-element-abee222 elementor-section-stretched elementor-section-boxed elementor-section-height-default elementor-section-height-default\" data-id=\"abee222\" data-element_type=\"section\" data-e-type=\"section\" data-settings=\"{&quot;stretch_section&quot;:&quot;section-stretched&quot;,&quot;background_background&quot;:&quot;classic&quot;}\">\n\t\t\t\t\t\t\t<div class=\"elementor-background-overlay\"><\/div>\n\t\t\t\t\t\t\t<div class=\"elementor-container elementor-column-gap-default\">\n\t\t\t\t\t<div class=\"elementor-column elementor-col-100 elementor-top-column elementor-element elementor-element-7a6ec67\" data-id=\"7a6ec67\" data-element_type=\"column\" data-e-type=\"column\">\n\t\t\t<div class=\"elementor-widget-wrap elementor-element-populated\">\n\t\t\t\t\t\t<div class=\"elementor-element elementor-element-03eccc4 elementor-widget elementor-widget-text-editor\" data-id=\"03eccc4\" data-element_type=\"widget\" data-e-type=\"widget\" data-widget_type=\"text-editor.default\">\n\t\t\t\t<div class=\"elementor-widget-container\">\n\t\t\t\t\t\t\t\t\t<div class=\"wpb_text_column wpb_content_element \">\n<div class=\"wpb_wrapper\">\n<ol>\n<li><strong>Identifica\u00e7\u00e3o e contactos da pessoa respons\u00e1vel<\/strong><\/li>\n<\/ol>\n<p>O respons\u00e1vel pelo tratamento dos seus dados pessoais \u00e9 a <strong>Panasport Equipamiento T\u00e9cnico Deportivo, S.L,<\/strong> com sede em Aramayona, 20 &#8211; 28022 &#8211; Madrid.<\/p>\n<p>A presente pol\u00edtica de privacidade fornece informa\u00e7\u00f5es sobre a utiliza\u00e7\u00e3o que a Panasport Equipamiento T\u00e9cnico Deportivo, S.L. far\u00e1 dos seus dados pessoais enquanto utilizador do site (o &#8220;Site&#8221;).<\/p>\n<p>O objetivo desta Pol\u00edtica de Privacidade \u00e9 fornecer informa\u00e7\u00f5es sobre os seus direitos ao abrigo do Regulamento Geral de Prote\u00e7\u00e3o de Dados (RGPD) e da Lei Org\u00e2nica de Prote\u00e7\u00e3o de Dados Pessoais e Garantia dos Direitos Digitais (LOPDGDD). Se tiver alguma d\u00favida sobre o tratamento dos seus dados pessoais, pode contactar a Panasport Equipamiento T\u00e9cnico Deportivo, S.L. atrav\u00e9s do seguinte endere\u00e7o: <strong>info@reservas.testeascarpa.com<\/strong><\/p>\n<ol start=\"2\">\n<li><strong>Informa\u00e7\u00f5es necess\u00e1rias e actualizadas<\/strong><\/li>\n<\/ol>\n<p>Todos os campos assinalados com um asterisco (*) nos formul\u00e1rios do s\u00edtio Web devem ser preenchidos, pelo que a omiss\u00e3o de qualquer um deles pode impossibilitar a presta\u00e7\u00e3o dos servi\u00e7os ou das informa\u00e7\u00f5es solicitadas.<\/p>\n<p>O Utilizador deste portal garante a autenticidade de todos os dados fornecidos e manter\u00e1 a informa\u00e7\u00e3o fornecida permanentemente actualizada para que corresponda, em qualquer momento, \u00e0 sua situa\u00e7\u00e3o real. Em qualquer caso, o Utilizador ser\u00e1 o \u00fanico respons\u00e1vel pelas manifesta\u00e7\u00f5es falsas ou inexactas que realize e pelos danos e preju\u00edzos que cause \u00e0 Panasport Equipamiento T\u00e9cnico Deportivo, S.L. ou a terceiros com a informa\u00e7\u00e3o facultada.<\/p>\n<p>Os dados recolhidos ser\u00e3o incorporados num ficheiro da responsabilidade da Panasport Equipamiento T\u00e9cnico Deportivo, S.L. com a finalidade exclusiva de gerir a rela\u00e7\u00e3o com os Utilizadores, bem como a presta\u00e7\u00e3o dos servi\u00e7os oferecidos atrav\u00e9s da Web e, em geral, a gest\u00e3o, desenvolvimento e cumprimento da rela\u00e7\u00e3o estabelecida entre a Panasport Equipamiento T\u00e9cnico Deportivo, S.L. e aqueles que facultem os seus dados pessoais atrav\u00e9s do s\u00edtio Web. Adicionalmente, no caso de o Utilizador ter dado o seu consentimento, a Panasport Equipamiento T\u00e9cnico Deportivo, S.L. tratar\u00e1 os dados para realizar comunica\u00e7\u00f5es publicit\u00e1rias ou promocionais.<\/p>\n<p>Durante o processo de recolha de dados, o Utilizador ser\u00e1 informado, quer atrav\u00e9s de uma hiperliga\u00e7\u00e3o, quer no pr\u00f3prio formul\u00e1rio do portal Web, da natureza obrigat\u00f3ria ou n\u00e3o do preenchimento desses dados.<\/p>\n<ol start=\"3\">\n<li><strong>Objectivos do tratamento<\/strong><\/li>\n<\/ol>\n<p>A Panasport Equipamiento T\u00e9cnico Deportivo, S.L. recolhe os seus dados pessoais com o objetivo de gerir os seus pedidos e oferecer-lhe os servi\u00e7os que possam ser do seu interesse. Especificamente, a Panasport Equipamiento T\u00e9cnico Deportivo, S.L. trata os seus dados pessoais para as seguintes finalidades<\/p>\n<ol>\n<li>Para responder \u00e0s suas quest\u00f5es, d\u00favidas ou pedidos feitos atrav\u00e9s do servi\u00e7o de apoio ao cliente ou dos canais de comunica\u00e7\u00e3o identificados no s\u00edtio Web e para o contactar para os resolver.<\/li>\n<li>Para melhorar o s\u00edtio Web e os seus servi\u00e7os e produtos, de modo a oferecer um melhor servi\u00e7o e conte\u00fado.<\/li>\n<li>Realiza\u00e7\u00e3o de estudos para fins estat\u00edsticos.<\/li>\n<li>Mantenha os seus dados actualizados.<\/li>\n<li>Processamento do pedido de compra.<\/li>\n<li>Gerir a fatura\u00e7\u00e3o e a contabilidade.<\/li>\n<li>Cumprimento das obriga\u00e7\u00f5es fiscais.<\/li>\n<li>Respeitar o quadro jur\u00eddico atual.<\/li>\n<li>Gerir os seus dados para lhe enviar informa\u00e7\u00f5es comerciais.<\/li>\n<\/ol>\n<ol start=\"4\">\n<li><strong>Legitimidade do tratamento dos seus dados pessoais<\/strong><\/li>\n<\/ol>\n<p>A Panasport Equipamiento T\u00e9cnico Deportivo, S.L. apenas recolher\u00e1 os dados pessoais que o utilizador facultar voluntariamente. Em conformidade com a legisla\u00e7\u00e3o vigente em mat\u00e9ria de prote\u00e7\u00e3o de dados, assim como em mat\u00e9ria de servi\u00e7os da sociedade da informa\u00e7\u00e3o e com\u00e9rcio eletr\u00f3nico, a Panasport Equipamiento T\u00e9cnico Deportivo, S.L. informa que os dados pessoais facultados no momento do registo, ou quaisquer outros dados facultados para aceder a alguns dos servi\u00e7os do site, ser\u00e3o inclu\u00eddos em ficheiros propriedade da Panasport.<\/p>\n<p>Os dados que a Panasport Equipamiento T\u00e9cnico Deportivo, S.L. pode solicitar-lhe s\u00e3o os seguintes:<\/p>\n<ul>\n<li><strong>Dados de identifica\u00e7\u00e3o.<\/strong>  Informa\u00e7\u00f5es relativas a uma pessoa singular que permitem distingui-la de outras pessoas de um grupo, tais como: nome e apelido; n\u00famero de identifica\u00e7\u00e3o fiscal; data de nascimento; idade.<\/li>\n<\/ul>\n<ul>\n<li><strong>Dados de contacto.<\/strong>  Informa\u00e7\u00f5es que permitem manter ou contactar a pessoa em causa, tais como: endere\u00e7o; correio eletr\u00f3nico; telefone fixo; telem\u00f3vel.<\/li>\n<\/ul>\n<ul>\n<li><strong>Dados financeiros ou patrimoniais.<\/strong>  Informa\u00e7\u00f5es sobre uma pessoa singular relativas aos seus bens, direitos, encargos ou obriga\u00e7\u00f5es que possam ser avaliados financeiramente, tais como: contas banc\u00e1rias, n\u00famero de cart\u00e3o de cr\u00e9dito, n\u00famero de seguran\u00e7a.<\/li>\n<\/ul>\n<p>O tratamento dos seus dados pessoais pode, por vezes, ser necess\u00e1rio para o cumprimento de determinadas obriga\u00e7\u00f5es legais, ou em rela\u00e7\u00e3o a qualquer rela\u00e7\u00e3o contratual que a Panasport Equipamiento T\u00e9cnico Deportivo, S.L. possa ter consigo.<\/p>\n<p>Em todos os outros casos, e sempre que se justifique, a Panasport Equipamiento T\u00e9cnico Deportivo, S.L. solicitar\u00e1 o seu consentimento para o tratamento dos seus dados pessoais.<\/p>\n<ol start=\"5\">\n<li><strong>Envio de comunica\u00e7\u00f5es comerciais.  <\/strong><\/li>\n<\/ol>\n<p>A Panasport Equipamiento T\u00e9cnico Deportivo, S.L, no \u00e2mbito da sua atividade promocional, poder\u00e1 disponibilizar recursos para o registo ou subscri\u00e7\u00e3o de not\u00edcias ou informa\u00e7\u00f5es comerciais relacionadas com novidades, ofertas e\/ou novos produtos inclu\u00eddos na Web. Estes recursos est\u00e3o sempre sujeitos ao seu consentimento expresso para os remeter.<\/p>\n<p>No caso de o ter autorizado, a Panasport Equipamiento T\u00e9cnico Deportivo, S.L. poder\u00e1 enviar-lhe informa\u00e7\u00e3o sobre novidades, ofertas e novos produtos inclu\u00eddos na Web e\/ou servi\u00e7os personalizados, de acordo com os seus gostos e prefer\u00eancias.<\/p>\n<p>O utilizador pode revogar o seu consentimento para receber comunica\u00e7\u00f5es comerciais a qualquer momento, atrav\u00e9s da liga\u00e7\u00e3o ou do bot\u00e3o previsto para o efeito em cada uma das comunica\u00e7\u00f5es, ou diretamente, comunicando o seu desejo de revogar o seu consentimento atrav\u00e9s dos seguintes canais:<\/p>\n<ol>\n<li>Correio eletr\u00f3nico a enviar para o seguinte endere\u00e7o: <strong>info@reservas.testeascarpa.com<\/strong><\/li>\n<\/ol>\n<ol start=\"2\">\n<li>Correio postal dirigido a Panasport Equipamiento T\u00e9cnico Deportivo, S.L, Aramayona, 20 &#8211; 28022 &#8211; Madrid<\/li>\n<\/ol>\n<ol start=\"6\">\n<li><strong>Decis\u00f5es automatizadas e defini\u00e7\u00e3o de perfis<\/strong><\/li>\n<\/ol>\n<p>A Panasport Equipamiento T\u00e9cnico Deportivo, S.L. obter\u00e1 o seu consentimento expresso para o tratamento dos seus dados pessoais para efeitos de eventuais decis\u00f5es automatizadas e\/ou defini\u00e7\u00e3o de perfis.<\/p>\n<p>Para a presta\u00e7\u00e3o de determinados servi\u00e7os, a Panasport Equipamiento T\u00e9cnico Deportivo, S.L. pode tratar os seus dados pessoais atrav\u00e9s de meios automatizados. Isto significa que certas decis\u00f5es s\u00e3o tomadas automaticamente, sem interven\u00e7\u00e3o humana.<\/p>\n<p>Outro tratamento que a Panasport Equipamiento T\u00e9cnico Deportivo, S.L. pode realizar com os seus dados \u00e9 a elabora\u00e7\u00e3o de perfis, com o objetivo de prever o seu comportamento na Web. Consequentemente, ser\u00e3o apresentados na p\u00e1gina inicial produtos que podem ser do seu interesse, com base nas prefer\u00eancias que demonstrou atrav\u00e9s da sua navega\u00e7\u00e3o ou em informa\u00e7\u00f5es obtidas atrav\u00e9s de cookies.<\/p>\n<p>Pode consultar a pol\u00edtica de cookies aplic\u00e1vel na seguinte liga\u00e7\u00e3o <strong><br \/>\n  <a href=\"https:\/\/conoce.claudiadipaolo.com\/aviso-legal\/?preview_id=55900&amp;preview_nonce=68aa915121&amp;preview=true#politicarrss\">Pol\u00edtica de cookies<\/a><br \/>\n<\/strong>. Da mesma forma, pode contactar a Panasport Equipamiento T\u00e9cnico Deportivo, S.L para qualquer d\u00favida ou consulta relacionada com o tratamento dos seus dados pessoais atrav\u00e9s do seguinte endere\u00e7o: <strong>info@reservas.testeascarpa.com<\/strong><\/p>\n<ol start=\"7\">\n<li><strong>Dura\u00e7\u00e3o do tratamento e do per\u00edodo de conserva\u00e7\u00e3o dos dados<\/strong><\/li>\n<\/ol>\n<p>A Panasport Equipamiento T\u00e9cnico Deportivo, S.L. compromete-se a tratar os seus dados pessoais durante o tempo que for realmente \u00fatil e necess\u00e1rio para lhe oferecer um servi\u00e7o de qualidade atrav\u00e9s do seu tratamento. Por conseguinte, a Panasport Equipamiento T\u00e9cnico Deportivo, S.L. envidar\u00e1 todos os esfor\u00e7os adequados e razo\u00e1veis para minimizar o per\u00edodo de tratamento e conserva\u00e7\u00e3o dos seus dados pessoais.<\/p>\n<p>Neste sentido, em cada formul\u00e1rio de recolha de dados, a Panasport Equipamiento T\u00e9cnico Deportivo, S.L. inform\u00e1-lo-\u00e1 do per\u00edodo de tempo previsto para o tratamento e\/ou conserva\u00e7\u00e3o dos seus dados pessoais.<\/p>\n<p>Em qualquer caso, e mesmo que solicite a elimina\u00e7\u00e3o dos seus dados pessoais, a Panasport Equipamiento T\u00e9cnico Deportivo, S.L. ter\u00e1 o direito de os conservar e manter, sob o devido bloqueio, durante o per\u00edodo necess\u00e1rio para o cumprimento das obriga\u00e7\u00f5es legais correspondentes, bem como para os colocar \u00e0 disposi\u00e7\u00e3o das Autoridades competentes nas diferentes mat\u00e9rias que possam ser aplic\u00e1veis.<\/p>\n<ol start=\"8\">\n<li><strong>Exerc\u00edcio de direitos e reclama\u00e7\u00f5es perante a AEPD (Ag\u00eancia Espanhola de Prote\u00e7\u00e3o de Dados)  <\/strong><\/li>\n<\/ol>\n<p>Como consequ\u00eancia do tratamento dos seus dados pessoais, a legisla\u00e7\u00e3o em vigor confere-lhe uma s\u00e9rie de direitos. Panasport Equipamiento T\u00e9cnico Deportivo, S.L oferece-lhe uma explica\u00e7\u00e3o sum\u00e1ria de cada direito, a fim de facilitar o seu exerc\u00edcio:<\/p>\n<ul>\n<li><strong>Direito de acesso<\/strong>: Tem o direito de conhecer os dados pessoais que s\u00e3o tratados pela Panasport Equipamiento T\u00e9cnico Deportivo, S.L., bem como as finalidades desse tratamento.<\/li>\n<\/ul>\n<ul>\n<li><strong>Direito de retifica\u00e7\u00e3o<\/strong>: Poder\u00e1 solicitar a retifica\u00e7\u00e3o de qualquer dado, em qualquer momento, se os dados contidos nos registos da Panasport Equipamiento T\u00e9cnico Deportivo, S.L. estiverem errados.<\/li>\n<\/ul>\n<ul>\n<li><strong>Direito de supress\u00e3o<\/strong>Poder\u00e1 solicitar, a qualquer momento, que os seus dados pessoais sejam eliminados dos ficheiros da Panasport Equipamiento T\u00e9cnico Deportivo, S.L. No entanto, e tal como indicado anteriormente, dever\u00e1 ter em conta que, em determinadas circunst\u00e2ncias, o cumprimento da legisla\u00e7\u00e3o vigente poder\u00e1 impedir o exerc\u00edcio efetivo deste direito.<\/li>\n<\/ul>\n<ul>\n<li><strong>Direito de oposi\u00e7\u00e3o:<\/strong> Pode opor-se ao tratamento dos seus dados pessoais em rela\u00e7\u00e3o a quaisquer fins para os quais tratamos os seus dados, de acordo com as pol\u00edticas de privacidade aplic\u00e1veis em cada caso.<\/li>\n<\/ul>\n<ul>\n<li><strong>Direito \u00e0 limita\u00e7\u00e3o do tratamento:<\/strong> Poder\u00e1 solicitar a limita\u00e7\u00e3o do tratamento dos seus dados pessoais quando a exatid\u00e3o, legalidade ou necessidade do tratamento for duvidosa, caso em que a Panasport Equipamiento T\u00e9cnico Deportivo, S.L., poder\u00e1 conserv\u00e1-los para o exerc\u00edcio ou defesa de reclama\u00e7\u00f5es.<\/li>\n<\/ul>\n<ul>\n<li><strong>Direito \u00e0 portabilidade dos dados:<\/strong> O utilizador tem o direito, sempre que tecnicamente poss\u00edvel e razo\u00e1vel, de solicitar que os dados pessoais que forneceu diretamente sejam comunicados a outro respons\u00e1vel pelo tratamento de dados. A Panasport Equipamiento T\u00e9cnico Deportivo, S.L. fornecer\u00e1 os seus dados diretamente a esse outro respons\u00e1vel pelo tratamento, mas, se tal n\u00e3o for poss\u00edvel, fornecer-lhos-\u00e1 num formato normalizado.<\/li>\n<\/ul>\n<p>Na medida em que a Panasport Equipamiento T\u00e9cnico Deportivo, S.L. trata os seus dados pessoais com base no seu consentimento expresso, pode revogar esse consentimento em qualquer momento, sem que isso tenha qualquer consequ\u00eancia para si, a n\u00e3o ser, em fun\u00e7\u00e3o do direito exercido, a impossibilidade de lhe prestar determinados servi\u00e7os.<\/p>\n<p>Poder\u00e1 exercer os seus direitos contactando a Panasport Equipamiento T\u00e9cnico Deportivo, S.L., indicando qual o direito que pretende exercer, por qualquer um dos seguintes meios, juntando uma c\u00f3pia do seu bilhete de identidade ou documento de identifica\u00e7\u00e3o equivalente:<\/p>\n<ul>\n<li>Por correio eletr\u00f3nico a enviar para o seguinte endere\u00e7o: <strong>info@reservas.testeascarpa.com<\/strong><\/li>\n<\/ul>\n<ul>\n<li>Correio postal dirigido a Panasport Equipamiento T\u00e9cnico Deportivo, S.L, Aramayona, 20 &#8211; 28022 &#8211; Madrid<\/li>\n<\/ul>\n<p>Se n\u00e3o pretender exercer um direito espec\u00edfico, mas necessitar de fazer uma pergunta ou sugest\u00e3o relativamente ao tratamento dos seus dados pessoais, pode tamb\u00e9m contactar os endere\u00e7os indicados para o exerc\u00edcio dos direitos.<\/p>\n<p>Note-se que, em qualquer caso, pode apresentar uma reclama\u00e7\u00e3o \u00e0 autoridade competente em mat\u00e9ria de prote\u00e7\u00e3o de dados se considerar que a Panasport Equipamiento T\u00e9cnico Deportivo, S.L. n\u00e3o tratou os seus dados de forma l\u00edcita ou n\u00e3o respondeu adequadamente aos seus pedidos ou direitos. Em Espanha, esta autoridade competente \u00e9 a Ag\u00eancia Espanhola de Prote\u00e7\u00e3o de Dados.<\/p>\n<ol start=\"9\">\n<li><strong>Confidencialidade e seguran\u00e7a no tratamento de dados<\/strong><\/li>\n<\/ol>\n<p>Os seus dados pessoais s\u00e3o muito importantes para a Panasport Equipamiento T\u00e9cnico Deportivo, S.L., pelo que se compromete a trat\u00e1-los com a m\u00e1xima confidencialidade e discri\u00e7\u00e3o, bem como a implementar todas as medidas de seguran\u00e7a que considere adequadas e razo\u00e1veis.<\/p>\n<p>Neste sentido, a Panasport Equipamiento T\u00e9cnico Deportivo, S.L. declara e garante que estabeleceu todos os meios t\u00e9cnicos ao seu alcance para evitar a perda, m\u00e1 utiliza\u00e7\u00e3o, altera\u00e7\u00e3o, acesso n\u00e3o autorizado e roubo dos dados fornecidos pelos utilizadores. A Panasport Equipamiento T\u00e9cnico Deportivo, S.L. rev\u00ea constantemente as suas medidas de seguran\u00e7a para garantir que est\u00e3o sempre actualizadas.<\/p>\n<ol start=\"10\">\n<li><strong>Redes sociais<\/strong><\/li>\n<\/ol>\n<p>A Panasport Equipamiento T\u00e9cnico Deportivo, S.L. criou diferentes perfis nas redes sociais para que qualquer utilizador se possa juntar a eles. No entanto, deve estar ciente de que, a menos que solicitemos os seus dados diretamente atrav\u00e9s de ac\u00e7\u00f5es de marketing, concursos, promo\u00e7\u00f5es ou qualquer outra forma v\u00e1lida, os seus dados pertencer\u00e3o \u00e0 Rede Social correspondente. Por conseguinte, deve ler atentamente as condi\u00e7\u00f5es de utiliza\u00e7\u00e3o e as pol\u00edticas de privacidade de cada rede social e certificar-se de que define as suas prefer\u00eancias relativamente ao tratamento dos seus dados.<\/p>\n<ol start=\"11\">\n<li><strong>Biscoitos<\/strong><\/li>\n<\/ol>\n<p>O s\u00edtio Web apenas utilizar\u00e1 dispositivos de armazenamento e recupera\u00e7\u00e3o de dados (&#8220;Cookies&#8221;) quando o utilizador tiver dado o seu consentimento pr\u00e9vio para o efeito, de acordo com o indicado na janela pop-up do browser do utilizador quando este acede ao s\u00edtio Web pela primeira vez, e com os outros termos e condi\u00e7\u00f5es indicados na Pol\u00edtica de Cookies que todos os utilizadores devem conhecer.<\/p>\n<\/div>\n<\/div>\n\t\t\t\t\t\t\t\t<\/div>\n\t\t\t\t<\/div>\n\t\t\t\t\t<\/div>\n\t\t<\/div>\n\t\t\t\t\t<\/div>\n\t\t<\/section>\n\t\t\t\t<section class=\"elementor-section elementor-top-section elementor-element elementor-element-03b5a78 elementor-hidden-desktop elementor-hidden-tablet elementor-hidden-mobile elementor-section-boxed elementor-section-height-default elementor-section-height-default\" data-id=\"03b5a78\" data-element_type=\"section\" data-e-type=\"section\">\n\t\t\t\t\t\t<div class=\"elementor-container elementor-column-gap-default\">\n\t\t\t\t\t<div class=\"elementor-column elementor-col-100 elementor-top-column elementor-element elementor-element-18a9069\" data-id=\"18a9069\" data-element_type=\"column\" data-e-type=\"column\">\n\t\t\t<div class=\"elementor-widget-wrap elementor-element-populated\">\n\t\t\t\t\t\t<div class=\"elementor-element elementor-element-9511140 elementor-widget elementor-widget-html\" data-id=\"9511140\" data-element_type=\"widget\" data-e-type=\"widget\" data-widget_type=\"html.default\">\n\t\t\t\t<div class=\"elementor-widget-container\">\n\t\t\t\t\t<style>input.wpcf7-form-control.has-spinner.wpcf7-submit:hover {\n    border-color: #00aec7;\n    background-color: #00aec7;\n}\n    \n    .container.container-lg-custom.py-5 {\n    padding-bottom: 0px !IMPORTANT;\n    padding-top: 0px !IMPORTANT;\n}\n    form {\n    max-width: 85%;\n    background-color: #fffffff0;\n    border-top-left-radius: 2px;\n    border-top-right-radius: 2px;\n    border-bottom-right-radius: 2px;\n    border-bottom-left-radius: 2px;\n    box-shadow: 0px 5px 20px -5px rgb(0 0 0 \/ 25%);\n    padding: 50px 40px 25px 40px;\n    border-radius: 10px !IMPORTANT;\n}\ntextarea.wpcf7-form-control.wpcf7-textarea {\n    max-height: 100px;\n}\ninput.wpcf7-form-control.wpcf7-text.wpcf7-validates-as-required,textarea.wpcf7-form-control.wpcf7-textarea {\n    box-shadow: inset 0 1px 2px rgb(0 0 0 \/ 10%);\n    border-radius: 10px !IMPORTANT;\n    border-color: #00aec7!IMPORTANT;\n}\n.wpcf7-submit:not(.btn) {\n   \n  \n    background-color: #000000;\n    border-color: #000000;\n   \n}\n<\/style>\t\t\t\t<\/div>\n\t\t\t\t<\/div>\n\t\t\t\t\t<\/div>\n\t\t<\/div>\n\t\t\t\t\t<\/div>\n\t\t<\/section>\n\t\t\t\t<\/div>\n\t\t<\/div><\/div><\/div>","protected":false},"excerpt":{"rendered":"<p>Pol\u00edtica de privacidade Identifica\u00e7\u00e3o e contactos da pessoa respons\u00e1vel O respons\u00e1vel pelo tratamento dos seus dados pessoais \u00e9 a Panasport Equipamiento T\u00e9cnico Deportivo, S.L, com sede em Aramayona, 20 &#8211; 28022 &#8211; Madrid. A presente pol\u00edtica de privacidade fornece informa\u00e7\u00f5es sobre a utiliza\u00e7\u00e3o que a Panasport Equipamiento T\u00e9cnico Deportivo, S.L. far\u00e1 dos seus dados pessoais [&hellip;]<\/p>\n","protected":false},"author":3,"featured_media":0,"parent":0,"menu_order":0,"comment_status":"closed","ping_status":"closed","template":"","meta":{"inline_featured_image":false,"footnotes":""},"class_list":["post-1469","page","type-page","status-publish","hentry"],"_links":{"self":[{"href":"https:\/\/testeascarpa.com\/pt-pt\/wp-json\/wp\/v2\/pages\/1469","targetHints":{"allow":["GET"]}}],"collection":[{"href":"https:\/\/testeascarpa.com\/pt-pt\/wp-json\/wp\/v2\/pages"}],"about":[{"href":"https:\/\/testeascarpa.com\/pt-pt\/wp-json\/wp\/v2\/types\/page"}],"author":[{"embeddable":true,"href":"https:\/\/testeascarpa.com\/pt-pt\/wp-json\/wp\/v2\/users\/3"}],"replies":[{"embeddable":true,"href":"https:\/\/testeascarpa.com\/pt-pt\/wp-json\/wp\/v2\/comments?post=1469"}],"version-history":[{"count":1,"href":"https:\/\/testeascarpa.com\/pt-pt\/wp-json\/wp\/v2\/pages\/1469\/revisions"}],"predecessor-version":[{"id":1474,"href":"https:\/\/testeascarpa.com\/pt-pt\/wp-json\/wp\/v2\/pages\/1469\/revisions\/1474"}],"wp:attachment":[{"href":"https:\/\/testeascarpa.com\/pt-pt\/wp-json\/wp\/v2\/media?parent=1469"}],"curies":[{"name":"wp","href":"https:\/\/api.w.org\/{rel}","templated":true}]}}