{"id":1424,"date":"2022-03-28T16:45:57","date_gmt":"2022-03-28T14:45:57","guid":{"rendered":"https:\/\/testeascarpa.com\/politica-de-cookies\/"},"modified":"2023-09-28T16:52:45","modified_gmt":"2023-09-28T14:52:45","slug":"politica-de-cookies","status":"publish","type":"page","link":"https:\/\/testeascarpa.com\/pt-pt\/politica-de-cookies\/","title":{"rendered":"Pol\u00edtica de cookies"},"content":{"rendered":"<div class=\"container container-lg-custom py-5\"><div class=\"row\"><div class=\"col\">\t\t<div data-elementor-type=\"wp-page\" data-elementor-id=\"1424\" class=\"elementor elementor-1424 elementor-514\">\n\t\t\t\t\t\t<section class=\"elementor-section elementor-top-section elementor-element elementor-element-35e02d8 elementor-section-stretched elementor-section-boxed elementor-section-height-default elementor-section-height-default\" data-id=\"35e02d8\" data-element_type=\"section\" data-e-type=\"section\" data-settings=\"{&quot;stretch_section&quot;:&quot;section-stretched&quot;,&quot;background_background&quot;:&quot;classic&quot;}\">\n\t\t\t\t\t\t\t<div class=\"elementor-background-overlay\"><\/div>\n\t\t\t\t\t\t\t<div class=\"elementor-container elementor-column-gap-default\">\n\t\t\t\t\t<div class=\"elementor-column elementor-col-100 elementor-top-column elementor-element elementor-element-e03b672\" data-id=\"e03b672\" data-element_type=\"column\" data-e-type=\"column\">\n\t\t\t<div class=\"elementor-widget-wrap elementor-element-populated\">\n\t\t\t\t\t\t<div class=\"elementor-element elementor-element-84c91f4 tiposcarpaboldh2 elementor-widget elementor-widget-heading\" data-id=\"84c91f4\" data-element_type=\"widget\" data-e-type=\"widget\" data-widget_type=\"heading.default\">\n\t\t\t\t<div class=\"elementor-widget-container\">\n\t\t\t\t\t<h2 class=\"elementor-heading-title elementor-size-default\">Pol\u00edtica de cookies<\/h2>\t\t\t\t<\/div>\n\t\t\t\t<\/div>\n\t\t\t\t\t<\/div>\n\t\t<\/div>\n\t\t\t\t\t<\/div>\n\t\t<\/section>\n\t\t\t\t<section class=\"elementor-section elementor-top-section elementor-element elementor-element-abee222 elementor-section-stretched elementor-section-boxed elementor-section-height-default elementor-section-height-default\" data-id=\"abee222\" data-element_type=\"section\" data-e-type=\"section\" data-settings=\"{&quot;stretch_section&quot;:&quot;section-stretched&quot;,&quot;background_background&quot;:&quot;classic&quot;}\">\n\t\t\t\t\t\t\t<div class=\"elementor-background-overlay\"><\/div>\n\t\t\t\t\t\t\t<div class=\"elementor-container elementor-column-gap-default\">\n\t\t\t\t\t<div class=\"elementor-column elementor-col-100 elementor-top-column elementor-element elementor-element-7a6ec67\" data-id=\"7a6ec67\" data-element_type=\"column\" data-e-type=\"column\">\n\t\t\t<div class=\"elementor-widget-wrap elementor-element-populated\">\n\t\t\t\t\t\t<div class=\"elementor-element elementor-element-03eccc4 elementor-widget elementor-widget-text-editor\" data-id=\"03eccc4\" data-element_type=\"widget\" data-e-type=\"widget\" data-widget_type=\"text-editor.default\">\n\t\t\t\t<div class=\"elementor-widget-container\">\n\t\t\t\t\t\t\t\t\t<div class=\"wpb_text_column wpb_content_element \">\n<div class=\"wpb_wrapper\">\n<p>A Panasport Equipamiento T\u00e9cnico Deportivo, S.L. utiliza procedimentos de recolha autom\u00e1tica (Cookies) para recolher informa\u00e7\u00e3o pessoal como o tipo de navegador ou sistema operativo, p\u00e1gina de refer\u00eancia, rota, dom\u00ednio do ISP (Internet Service Provider), etc., tudo com o objetivo de melhorar os servi\u00e7os prestados. Os cookies ajudam-nos a adaptar este s\u00edtio Web \u00e0s suas necessidades pessoais.<\/p>\n<p>Um &#8220;Cookie&#8221; \u00e9 um pequeno ficheiro que \u00e9 armazenado no computador do utilizador e que nos permite reconhecer o utilizador. O conjunto de &#8220;cookies&#8221; ajuda-nos a melhorar a qualidade do nosso s\u00edtio Web, permitindo-nos assim personalizar, em certa medida, a experi\u00eancia de navega\u00e7\u00e3o de cada utilizador no nosso s\u00edtio Web. Os cookies s\u00e3o atualmente essenciais para o funcionamento da Internet, proporcionando in\u00fameras vantagens na presta\u00e7\u00e3o de servi\u00e7os interactivos, facilitando a navega\u00e7\u00e3o e a usabilidade do nosso website.<\/p>\n<p>Note que os cookies n\u00e3o podem danificar o seu computador e que, em contrapartida, a ativa\u00e7\u00e3o dos cookies ajuda-nos a identificar e resolver erros e a melhorar a navegabilidade do nosso s\u00edtio.<\/p>\n<h6><strong>TIPOS DE COOKIES<\/strong><\/h6>\n<p>Para mais informa\u00e7\u00f5es para o utilizador sobre o tipo e a utiliza\u00e7\u00e3o de cookies, informamos que:<\/p>\n<ol>\n<li>Do ponto de vista do <strong>&#8220;tempo de vida&#8221; do cookie <\/strong>(tempo que o cookie permanece ativo no nosso computador), podemos distinguir entre cookies:<\/li>\n<\/ol>\n<ul>\n<li><strong>Cookies de sess\u00e3o:<\/strong> s\u00e3o cookies tempor\u00e1rios que permanecem no ficheiro de cookies do seu navegador at\u00e9 sair do s\u00edtio Web, pelo que nenhum deles fica registado no disco r\u00edgido do utilizador. As informa\u00e7\u00f5es obtidas atrav\u00e9s destes cookies s\u00e3o utilizadas para analisar os padr\u00f5es de tr\u00e1fego na Web. Em \u00faltima an\u00e1lise, isto permite-nos proporcionar uma melhor experi\u00eancia, melhorando o conte\u00fado e tornando-o mais f\u00e1cil de utilizar.<\/li>\n<li><strong>Cookies persistentes<\/strong>: s\u00e3o armazenados no seu disco r\u00edgido e s\u00e3o lidos pelo nosso s\u00edtio Web sempre que o utilizador faz uma nova visita. Um cookie persistente tem uma data de expira\u00e7\u00e3o fixa. O cookie deixar\u00e1 de funcionar ap\u00f3s essa data. Geralmente, utilizamo-los para facilitar as compras e os servi\u00e7os de registo.<\/li>\n<\/ul>\n<ol start=\"2\">\n<li>Do ponto de vista da <strong>utiliza\u00e7\u00e3o de cada cookie<\/strong>, podemos distinguir entre:<\/li>\n<\/ol>\n<ul>\n<li><strong>Cookies necess\u00e1rios<\/strong>: s\u00e3o cookies estritamente necess\u00e1rios, como, por exemplo, os que servem para uma navega\u00e7\u00e3o correcta ou os que permitem o pagamento de bens ou servi\u00e7os solicitados pelo utilizador ou os que servem para garantir que o conte\u00fado do s\u00edtio Web \u00e9 carregado de forma eficiente. Na categoria de cookies necess\u00e1rios, tamb\u00e9m pode encontrar cookies com as seguintes finalidades:<\/li>\n<\/ul>\n<ul>\n<li>Permitir apenas a comunica\u00e7\u00e3o entre o equipamento do utilizador e a rede.<\/li>\n<li>Estritamente para prestar um servi\u00e7o expressamente solicitado pelo utilizador.<\/li>\n<\/ul>\n<p>Nestes dois casos, informamos que a informa\u00e7\u00e3o e o consentimento do utilizador n\u00e3o s\u00e3o necess\u00e1rios para a instala\u00e7\u00e3o dos referidos cookies. Especificamente, de acordo com o Grupo de Trabalho de Peritos da UE, no artigo 29.\u00ba do seu Parecer 4\/20123 , interpretou os cookies isentos como incluindo aqueles cujo objetivo \u00e9<\/p>\n<ul>\n<li>Cookies &#8220;entrada do utilizador<\/li>\n<li>Cookies de autentica\u00e7\u00e3o ou de identifica\u00e7\u00e3o do utilizador (apenas na sess\u00e3o)<\/li>\n<li>Cookies de seguran\u00e7a do utilizador<\/li>\n<li>Cookies de sess\u00e3o do leitor multim\u00e9dia<\/li>\n<li>Cookies de sess\u00e3o para balanceamento de carga<\/li>\n<li>Cookies de personaliza\u00e7\u00e3o da interface do utilizador<\/li>\n<li>Cookies de plug-in para partilha de conte\u00fados sociais<\/li>\n<\/ul>\n<p><strong>Para todos os outros cookies n\u00e3o inclu\u00eddos nos casos acima referidos, ser\u00e1 necess\u00e1ria a informa\u00e7\u00e3o e o consentimento pr\u00e9vios do utilizador.<\/strong><\/p>\n<ul>\n<li><strong>Cookies funcionais<\/strong>: s\u00e3o cookies que ajudam o utilizador a ter uma melhor experi\u00eancia de navega\u00e7\u00e3o no s\u00edtio Web. Um exemplo da utiliza\u00e7\u00e3o deste tipo de cookies s\u00e3o os utilizados para armazenar dados de navega\u00e7\u00e3o para uma l\u00edngua espec\u00edfica.<\/li>\n<li><strong>Cookies anal\u00edticos<\/strong>: s\u00e3o cookies que nos permitem analisar a utiliza\u00e7\u00e3o do s\u00edtio Web, de modo a podermos medir e melhorar o seu desempenho.<\/li>\n<li><strong>Cookies de publicidade e de terceiros<\/strong>: s\u00e3o cookies utilizados pelas redes sociais ou por plug-ins de conte\u00fados externos, como o Google Maps, bem como cookies de empresas de publicidade para apresentar an\u00fancios relevantes para os interesses do utilizador.<\/li>\n<\/ul>\n<p>A Panasport Equipamiento T\u00e9cnico Deportivo, S.L. armazena toda a informa\u00e7\u00e3o recolhida atrav\u00e9s dos Cookies num formato n\u00e3o personalizado (endere\u00e7o IP). Este tipo de informa\u00e7\u00e3o obtida atrav\u00e9s dos Cookies n\u00e3o ser\u00e1 divulgada fora da Panasport Equipamiento T\u00e9cnico Deportivo, S.L. nem utilizada para comunica\u00e7\u00f5es n\u00e3o solicitadas.<\/p>\n<h6><strong>PRIVACIDADE ADEQUADA &#8211; GEST\u00c3O DE COOKIES<\/strong><\/h6>\n<p>Se o utilizador assim o desejar, o registo de cookies pode ser sujeito \u00e0 sua aceita\u00e7\u00e3o durante a instala\u00e7\u00e3o ou atualiza\u00e7\u00e3o do programa de navega\u00e7\u00e3o utilizado. O utilizador pode, a qualquer momento, revogar a sua aceita\u00e7\u00e3o atrav\u00e9s das op\u00e7\u00f5es de configura\u00e7\u00e3o de conte\u00fados e privacidade dispon\u00edveis em cada browser. No entanto, se o utilizador n\u00e3o permitir a instala\u00e7\u00e3o de cookies no seu navegador, \u00e9 poss\u00edvel que n\u00e3o consiga aceder a algumas sec\u00e7\u00f5es do nosso s\u00edtio Web.<\/p>\n<p>Para mais informa\u00e7\u00f5es sobre a configura\u00e7\u00e3o adequada dos cookies e as op\u00e7\u00f5es para os ativar, restringir e\/ou desativar, consulte a sec\u00e7\u00e3o de ajuda do seu navegador para obter mais informa\u00e7\u00f5es:<\/p>\n<ul>\n<li>Mais informa\u00e7\u00f5es sobre como bloquear a utiliza\u00e7\u00e3o de cookies no <a href=\"https:\/\/support.google.com\/chrome\/answer\/95647?hl=es\">Google Chrome<\/a><\/li>\n<li>Mais informa\u00e7\u00f5es sobre como bloquear a utiliza\u00e7\u00e3o de cookies no <a href=\"https:\/\/support.mozilla.org\/es\/kb\/habilitar-y-deshabilitar-cookies-sitios-web-rastrear-preferencias?redirectlocale=es&amp;as=s&amp;s=cookies&amp;r=7&amp;esab=a&amp;redirectslug=habilitar-y-deshabilitar-cookies-que-los-sitios-we\">Firefox<\/a><\/li>\n<li>Mais informa\u00e7\u00f5es sobre como bloquear a utiliza\u00e7\u00e3o de cookies no <a href=\"https:\/\/support.microsoft.com\/es-es\/help\/17442\/windows-internet-explorer-delete-manage-cookies\">Internet Explorer<\/a><\/li>\n<li>Mais informa\u00e7\u00f5es sobre como bloquear a utiliza\u00e7\u00e3o de cookies no <a href=\"https:\/\/support.apple.com\/es-es\/HT201265\">Safari<\/a><\/li>\n<li>Mais informa\u00e7\u00f5es sobre como bloquear a utiliza\u00e7\u00e3o de cookies no <a href=\"https:\/\/help.blackberry.com\/en\/blackberry-classic\/10.3.2\/help\/mwa1334238823957.html\">Blackberry<\/a><\/li>\n<li>Mais informa\u00e7\u00f5es sobre como bloquear a utiliza\u00e7\u00e3o de cookies no <a href=\"https:\/\/support.microsoft.com\/es-es\/help\/11696\/windows-phone-7\">WindowsPhone<\/a><\/li>\n<\/ul>\n<p>Muitos navegadores permitem-lhe ativar um modo privado em que os cookies s\u00e3o sempre eliminados ap\u00f3s a sua visita. Dependendo do navegador, este modo privado pode ter nomes diferentes. Abaixo encontra uma lista dos browsers mais comuns e os diferentes nomes deste &#8220;modo privado&#8221;:<\/p>\n<ul>\n<li>Internet Explorer 8 e superior; InPrivate<\/li>\n<li>Safari 2 e superior; Navega\u00e7\u00e3o privada<\/li>\n<li>Opera 10.5 e superior; Navega\u00e7\u00e3o privada<\/li>\n<li>FireFox 3.5 e superior; Navega\u00e7\u00e3o privada<\/li>\n<li>Google Chrome 10 e superior; Inc\u00f3gnito<\/li>\n<\/ul>\n<h6><strong>LISTA E DESCRI\u00c7\u00c3O DOS COOKIES<\/strong><\/h6>\n<p>As tabelas seguintes descrevem os cookies acima descritos e utilizados no s\u00edtio Internet testeascarpa.com.<\/p>\n<table>\n<tbody>\n<tr class=\"fondoTablaCookies\">\n<td>\n  <b>Nome do cookie<\/b>\n<\/td>\n<td>\n  <b>Dom\u00ednio<\/b>\n<\/td>\n<td>\n  <b>Expira\u00e7\u00f5es<\/b>\n<\/td>\n<td>\n  <b>Utiliza\u00e7\u00e3o do cookie<\/b>\n<\/td>\n<\/tr>\n<tr class=\"fondoTablaCookies\">\n<td>_utma<\/td>\n<td>testeascarpa.com<\/td>\n<td>2 anos<\/td>\n<td>Cookies anal\u00edticos (Google Analytics): Armazena o n\u00famero de visitas de cada utilizador, a hora da primeira visita, a visita anterior e a visita atual.<\/td>\n<\/tr>\n<tr class=\"fondoTablaCookies\">\n<td>_utmb<\/td>\n<td>testeascarpa.com<\/td>\n<td>Sess\u00e3o<\/td>\n<td>Cookies anal\u00edticos (Google Analytics): Utilizados para verificar aproximadamente o tempo de perman\u00eancia do utilizador num s\u00edtio.<\/td>\n<\/tr>\n<tr class=\"fondoTablaCookies\">\n<td>_utmc<\/td>\n<td>testeascarpa.com<\/td>\n<td>Sess\u00e3o<\/td>\n<td>Cookies anal\u00edticos (Google Analytics): Utilizados para verificar aproximadamente quanto tempo o utilizador permanece num site.<\/td>\n<\/tr>\n<tr class=\"fondoTablaCookies\">\n<td>_utmz<\/td>\n<td>testeascarpa.com<\/td>\n<td>6 meses<\/td>\n<td>Cookies anal\u00edticos (Google Analytics): s\u00edtios a partir dos quais um visitante veio (motor de busca, palavra-chave de pesquisa, liga\u00e7\u00e3o)<\/td>\n<\/tr>\n<\/tbody>\n<\/table>\n<p>Para saber mais sobre os cookies do Google Analytics, pode visitar a seguinte p\u00e1gina: https:\/\/www.google.com\/analytics\/learn\/privacy.html?hl=es. Pode desativar os cookies do Google Analytics atrav\u00e9s da seguinte liga\u00e7\u00e3o: https:\/\/tools.google.com\/dlpage\/gaoptout.<\/p>\n<p>Neste s\u00edtio Web, encontrar\u00e1 informa\u00e7\u00f5es sobre o funcionamento da publicidade comportamental, informa\u00e7\u00f5es sobre cookies e medidas que pode tomar para proteger a sua privacidade em linha: http:\/\/www.youronlinechoices.com\/es\/<\/p>\n<p>Para mais informa\u00e7\u00f5es sobre cookies e os seus direitos como utilizador, pode consultar o Guia sobre a utiliza\u00e7\u00e3o de cookies elaborado pela Ag\u00eancia Espanhola de Prote\u00e7\u00e3o de Dados: <a href=\"https:\/\/www.agpd.es\/portalwebAGPD\/canaldocumentacion\/publicaciones\/common\/Guias\/Guia_Cookies.pdf\">https:\/\/www.agpd.es\/portalwebAGPD\/canaldocumentacion\/publicaciones\/common\/Guias\/Guia_Cookies.pdf<\/a><\/p>\n<\/div>\n<\/div>\n\t\t\t\t\t\t\t\t<\/div>\n\t\t\t\t<\/div>\n\t\t\t\t\t<\/div>\n\t\t<\/div>\n\t\t\t\t\t<\/div>\n\t\t<\/section>\n\t\t\t\t<section class=\"elementor-section elementor-top-section elementor-element elementor-element-03b5a78 elementor-hidden-desktop elementor-hidden-tablet elementor-hidden-mobile elementor-section-boxed elementor-section-height-default elementor-section-height-default\" data-id=\"03b5a78\" data-element_type=\"section\" data-e-type=\"section\">\n\t\t\t\t\t\t<div class=\"elementor-container elementor-column-gap-default\">\n\t\t\t\t\t<div class=\"elementor-column elementor-col-100 elementor-top-column elementor-element elementor-element-18a9069\" data-id=\"18a9069\" data-element_type=\"column\" data-e-type=\"column\">\n\t\t\t<div class=\"elementor-widget-wrap elementor-element-populated\">\n\t\t\t\t\t\t<div class=\"elementor-element elementor-element-9511140 elementor-widget elementor-widget-html\" data-id=\"9511140\" data-element_type=\"widget\" data-e-type=\"widget\" data-widget_type=\"html.default\">\n\t\t\t\t<div class=\"elementor-widget-container\">\n\t\t\t\t\t<style>input.wpcf7-form-control.has-spinner.wpcf7-submit:hover {\n    border-color: #00aec7;\n    background-color: #00aec7;\n}\n    \n    .container.container-lg-custom.py-5 {\n    padding-bottom: 0px !IMPORTANT;\n    padding-top: 0px !IMPORTANT;\n}\n    form {\n    max-width: 85%;\n    background-color: #fffffff0;\n    border-top-left-radius: 2px;\n    border-top-right-radius: 2px;\n    border-bottom-right-radius: 2px;\n    border-bottom-left-radius: 2px;\n    box-shadow: 0px 5px 20px -5px rgb(0 0 0 \/ 25%);\n    padding: 50px 40px 25px 40px;\n    border-radius: 10px !IMPORTANT;\n}\ntextarea.wpcf7-form-control.wpcf7-textarea {\n    max-height: 100px;\n}\ninput.wpcf7-form-control.wpcf7-text.wpcf7-validates-as-required,textarea.wpcf7-form-control.wpcf7-textarea {\n    box-shadow: inset 0 1px 2px rgb(0 0 0 \/ 10%);\n    border-radius: 10px !IMPORTANT;\n    border-color: #00aec7!IMPORTANT;\n}\n.wpcf7-submit:not(.btn) {\n   \n  \n    background-color: #000000;\n    border-color: #000000;\n   \n}\n<\/style>\t\t\t\t<\/div>\n\t\t\t\t<\/div>\n\t\t\t\t\t<\/div>\n\t\t<\/div>\n\t\t\t\t\t<\/div>\n\t\t<\/section>\n\t\t\t\t<\/div>\n\t\t<\/div><\/div><\/div>","protected":false},"excerpt":{"rendered":"<p>Pol\u00edtica de cookies A Panasport Equipamiento T\u00e9cnico Deportivo, S.L. utiliza procedimentos de recolha autom\u00e1tica (Cookies) para recolher informa\u00e7\u00e3o pessoal como o tipo de navegador ou sistema operativo, p\u00e1gina de refer\u00eancia, rota, dom\u00ednio do ISP (Internet Service Provider), etc., tudo com o objetivo de melhorar os servi\u00e7os prestados. Os cookies ajudam-nos a adaptar este s\u00edtio Web [&hellip;]<\/p>\n","protected":false},"author":3,"featured_media":0,"parent":0,"menu_order":0,"comment_status":"closed","ping_status":"closed","template":"","meta":{"inline_featured_image":false,"footnotes":""},"class_list":["post-1424","page","type-page","status-publish","hentry"],"_links":{"self":[{"href":"https:\/\/testeascarpa.com\/pt-pt\/wp-json\/wp\/v2\/pages\/1424","targetHints":{"allow":["GET"]}}],"collection":[{"href":"https:\/\/testeascarpa.com\/pt-pt\/wp-json\/wp\/v2\/pages"}],"about":[{"href":"https:\/\/testeascarpa.com\/pt-pt\/wp-json\/wp\/v2\/types\/page"}],"author":[{"embeddable":true,"href":"https:\/\/testeascarpa.com\/pt-pt\/wp-json\/wp\/v2\/users\/3"}],"replies":[{"embeddable":true,"href":"https:\/\/testeascarpa.com\/pt-pt\/wp-json\/wp\/v2\/comments?post=1424"}],"version-history":[{"count":5,"href":"https:\/\/testeascarpa.com\/pt-pt\/wp-json\/wp\/v2\/pages\/1424\/revisions"}],"predecessor-version":[{"id":1450,"href":"https:\/\/testeascarpa.com\/pt-pt\/wp-json\/wp\/v2\/pages\/1424\/revisions\/1450"}],"wp:attachment":[{"href":"https:\/\/testeascarpa.com\/pt-pt\/wp-json\/wp\/v2\/media?parent=1424"}],"curies":[{"name":"wp","href":"https:\/\/api.w.org\/{rel}","templated":true}]}}