{"id":1413,"date":"2022-03-16T11:09:52","date_gmt":"2022-03-16T10:09:52","guid":{"rendered":"https:\/\/testeascarpa.com\/contacto\/"},"modified":"2023-09-28T16:52:45","modified_gmt":"2023-09-28T14:52:45","slug":"contacto","status":"publish","type":"page","link":"https:\/\/testeascarpa.com\/pt-pt\/contacto\/","title":{"rendered":"Contacto"},"content":{"rendered":"<div class=\"container container-lg-custom py-5\"><div class=\"row\"><div class=\"col\">\t\t<div data-elementor-type=\"wp-page\" data-elementor-id=\"1413\" class=\"elementor elementor-1413 elementor-196\">\n\t\t\t\t\t\t<section class=\"elementor-section elementor-top-section elementor-element elementor-element-b58abbe elementor-section-content-middle elementor-section-stretched elementor-section-boxed elementor-section-height-default elementor-section-height-default\" data-id=\"b58abbe\" data-element_type=\"section\" data-e-type=\"section\" data-settings=\"{&quot;stretch_section&quot;:&quot;section-stretched&quot;,&quot;background_background&quot;:&quot;classic&quot;}\">\n\t\t\t\t\t\t\t<div class=\"elementor-background-overlay\"><\/div>\n\t\t\t\t\t\t\t<div class=\"elementor-container elementor-column-gap-no\">\n\t\t\t\t\t<div class=\"elementor-column elementor-col-100 elementor-top-column elementor-element elementor-element-ac440e0\" data-id=\"ac440e0\" data-element_type=\"column\" data-e-type=\"column\">\n\t\t\t<div class=\"elementor-widget-wrap elementor-element-populated\">\n\t\t\t\t\t\t<section class=\"elementor-section elementor-inner-section elementor-element elementor-element-8c3f5ee elementor-section-boxed elementor-section-height-default elementor-section-height-default\" data-id=\"8c3f5ee\" data-element_type=\"section\" data-e-type=\"section\">\n\t\t\t\t\t\t<div class=\"elementor-container elementor-column-gap-default\">\n\t\t\t\t\t<div class=\"elementor-column elementor-col-50 elementor-inner-column elementor-element elementor-element-45bc89e\" data-id=\"45bc89e\" data-element_type=\"column\" data-e-type=\"column\">\n\t\t\t<div class=\"elementor-widget-wrap elementor-element-populated\">\n\t\t\t\t\t\t<div class=\"elementor-element elementor-element-0790625 animated-slow tiposcarpaboldh2 elementor-invisible elementor-widget elementor-widget-text-editor\" data-id=\"0790625\" data-element_type=\"widget\" data-e-type=\"widget\" data-settings=\"{&quot;_animation&quot;:&quot;fadeInUp&quot;}\" data-widget_type=\"text-editor.default\">\n\t\t\t\t<div class=\"elementor-widget-container\">\n\t\t\t\t\t\t\t\t\t<p>Contacto connosco<\/p>\n\t\t\t\t\t\t\t\t<\/div>\n\t\t\t\t<\/div>\n\t\t\t\t<div class=\"elementor-element elementor-element-a734d02 elementor-widget-divider--view-line elementor-widget elementor-widget-divider\" data-id=\"a734d02\" data-element_type=\"widget\" data-e-type=\"widget\" data-widget_type=\"divider.default\">\n\t\t\t\t<div class=\"elementor-widget-container\">\n\t\t\t\t\t\t\t<div class=\"elementor-divider\">\n\t\t\t<span class=\"elementor-divider-separator\">\n\t\t\t\t\t\t<\/span>\n\t\t<\/div>\n\t\t\t\t\t\t<\/div>\n\t\t\t\t<\/div>\n\t\t\t\t<div class=\"elementor-element elementor-element-5932db2 elementor-widget elementor-widget-text-editor\" data-id=\"5932db2\" data-element_type=\"widget\" data-e-type=\"widget\" data-widget_type=\"text-editor.default\">\n\t\t\t\t<div class=\"elementor-widget-container\">\n\t\t\t\t\t\t\t\t\t<p>Se tiver alguma d\u00favida ou precisar de ajuda com o processo de registo, envie-nos os seus coment\u00e1rios atrav\u00e9s do formul\u00e1rio abaixo e entraremos em contacto consigo o mais rapidamente poss\u00edvel.<\/p>\n\t\t\t\t\t\t\t\t<\/div>\n\t\t\t\t<\/div>\n\t\t\t\t\t<\/div>\n\t\t<\/div>\n\t\t\t\t<div class=\"elementor-column elementor-col-50 elementor-inner-column elementor-element elementor-element-0ea7258\" data-id=\"0ea7258\" data-element_type=\"column\" data-e-type=\"column\">\n\t\t\t<div class=\"elementor-widget-wrap elementor-element-populated\">\n\t\t\t\t\t\t<div class=\"elementor-element elementor-element-a6f547e elementor-widget elementor-widget-shortcode\" data-id=\"a6f547e\" data-element_type=\"widget\" data-e-type=\"widget\" data-widget_type=\"shortcode.default\">\n\t\t\t\t<div class=\"elementor-widget-container\">\n\t\t\t\t\t\t\t<div class=\"elementor-shortcode\">\n<div class=\"wpcf7 no-js\" id=\"wpcf7-f1535-o1\" lang=\"pt-PT\" dir=\"ltr\" data-wpcf7-id=\"1535\">\n<div class=\"screen-reader-response\"><p role=\"status\" aria-live=\"polite\" aria-atomic=\"true\"><\/p> <ul><\/ul><\/div>\n<form action=\"\/pt-pt\/wp-json\/wp\/v2\/pages\/1413#wpcf7-f1535-o1\" method=\"post\" class=\"wpcf7-form init\" aria-label=\"Formul\u00e1rio de contacto\" novalidate=\"novalidate\" data-status=\"init\">\n<fieldset class=\"hidden-fields-container\"><input type=\"hidden\" name=\"_wpcf7\" value=\"1535\" \/><input type=\"hidden\" name=\"_wpcf7_version\" value=\"6.1.5\" \/><input type=\"hidden\" name=\"_wpcf7_locale\" value=\"pt_PT\" \/><input type=\"hidden\" name=\"_wpcf7_unit_tag\" value=\"wpcf7-f1535-o1\" \/><input type=\"hidden\" name=\"_wpcf7_container_post\" value=\"0\" \/><input type=\"hidden\" name=\"_wpcf7_posted_data_hash\" value=\"\" \/><input type=\"hidden\" name=\"_wpcf7_recaptcha_response\" value=\"\" \/>\n<\/fieldset>\n<p><label> NOME*<br \/>\n<span class=\"wpcf7-form-control-wrap\" data-name=\"your-name\"><input size=\"40\" maxlength=\"400\" class=\"wpcf7-form-control wpcf7-text wpcf7-validates-as-required\" aria-required=\"true\" aria-invalid=\"false\" value=\"\" type=\"text\" name=\"your-name\" \/><\/span> <\/label>\n<\/p>\n<p><label> E-MAIL*<br \/>\n<span class=\"wpcf7-form-control-wrap\" data-name=\"your-email\"><input size=\"40\" maxlength=\"400\" class=\"wpcf7-form-control wpcf7-email wpcf7-validates-as-required wpcf7-text wpcf7-validates-as-email\" aria-required=\"true\" aria-invalid=\"false\" value=\"\" type=\"email\" name=\"your-email\" \/><\/span> <\/label>\n<\/p>\n<p><label> MENSAGEM*<br \/>\n<span class=\"wpcf7-form-control-wrap\" data-name=\"your-message\"><textarea cols=\"40\" rows=\"10\" maxlength=\"2000\" class=\"wpcf7-form-control wpcf7-textarea\" aria-invalid=\"false\" name=\"your-message\"><\/textarea><\/span> <\/label>\n<\/p>\n<p><input class=\"wpcf7-form-control wpcf7-submit has-spinner\" type=\"submit\" value=\"ENVIAR\" \/>\n<\/p><div class=\"wpcf7-response-output\" aria-hidden=\"true\"><\/div>\n<\/form>\n<\/div>\n<\/div>\n\t\t\t\t\t\t<\/div>\n\t\t\t\t<\/div>\n\t\t\t\t\t<\/div>\n\t\t<\/div>\n\t\t\t\t\t<\/div>\n\t\t<\/section>\n\t\t\t\t\t<\/div>\n\t\t<\/div>\n\t\t\t\t\t<\/div>\n\t\t<\/section>\n\t\t\t\t<section class=\"elementor-section elementor-top-section elementor-element elementor-element-03b5a78 elementor-hidden-desktop elementor-hidden-tablet elementor-hidden-mobile elementor-section-boxed elementor-section-height-default elementor-section-height-default\" data-id=\"03b5a78\" data-element_type=\"section\" data-e-type=\"section\">\n\t\t\t\t\t\t<div class=\"elementor-container elementor-column-gap-default\">\n\t\t\t\t\t<div class=\"elementor-column elementor-col-100 elementor-top-column elementor-element elementor-element-18a9069\" data-id=\"18a9069\" data-element_type=\"column\" data-e-type=\"column\">\n\t\t\t<div class=\"elementor-widget-wrap elementor-element-populated\">\n\t\t\t\t\t\t<div class=\"elementor-element elementor-element-9511140 elementor-widget elementor-widget-html\" data-id=\"9511140\" data-element_type=\"widget\" data-e-type=\"widget\" data-widget_type=\"html.default\">\n\t\t\t\t<div class=\"elementor-widget-container\">\n\t\t\t\t\t<style>input.wpcf7-form-control.has-spinner.wpcf7-submit:hover {\n    border-color: #00aec7;\n    background-color: #00aec7;\n}\n    \n    .container.container-lg-custom.py-5 {\n    padding-bottom: 0px !IMPORTANT;\n    padding-top: 0px !IMPORTANT;\n}\n   \ntextarea.wpcf7-form-control.wpcf7-textarea {\n    max-height: 100px;\n}\ninput.wpcf7-form-control.wpcf7-text.wpcf7-validates-as-required,textarea.wpcf7-form-control.wpcf7-textarea {\n    box-shadow: inset 0 1px 2px rgb(0 0 0 \/ 10%);\n    border-radius: 10px !IMPORTANT;\n    border-color: #00aec7!IMPORTANT;\n}\n.wpcf7-submit:not(.btn) {\n   \n  \n    background-color: #000000;\n    border-color: #000000;\n   \n}\n form {\n   \n    background-color: #fffffff0;\n    border-top-left-radius: 2px;\n    border-top-right-radius: 2px;\n    border-bottom-right-radius: 2px;\n    border-bottom-left-radius: 2px;\n    box-shadow: 0px 5px 20px -5px rgb(0 0 0 \/ 25%);\n    padding: 50px 40px 25px 40px;\n    border-radius: 10px !IMPORTANT;\n}\n\n      @media only screen and (min-width: 700px) {\n\n form {\n    max-width: 85%;\n    \n}}\n.wpcf7-submit:not(.btn):hover, .wpcf7-submit:not(.btn):focus {\n    border-color: #1c1f21;\n    background-color: #1c1f21;\n    color: #FFF;\n}\n.wpcf7 form.sent .wpcf7-response-output {\n    border-color: #00aec7!important;\n    background: #00aec7!important;\n    width: 100%!important;\n    color: white;\n    display: block !IMPORTANT;\n    text-align: center!important;\n    font-size: 13px;\n    padding: 4px 6px 4px 6px !IMPORTANT;\n}\n\n<\/style>\t\t\t\t<\/div>\n\t\t\t\t<\/div>\n\t\t\t\t\t<\/div>\n\t\t<\/div>\n\t\t\t\t\t<\/div>\n\t\t<\/section>\n\t\t\t\t<\/div>\n\t\t<\/div><\/div><\/div>","protected":false},"excerpt":{"rendered":"<p>Contacta con nosotros Si tienes alguna duda o necesitas ayuda en el proceso de inscripci\u00f3n, env\u00edanos tus comentarios a trav\u00e9s del formulario y nos pondremos en contacto contigo a la mayor brevedad posible.<\/p>\n","protected":false},"author":2,"featured_media":0,"parent":0,"menu_order":0,"comment_status":"closed","ping_status":"closed","template":"","meta":{"inline_featured_image":false,"footnotes":""},"class_list":["post-1413","page","type-page","status-publish","hentry"],"_links":{"self":[{"href":"https:\/\/testeascarpa.com\/pt-pt\/wp-json\/wp\/v2\/pages\/1413","targetHints":{"allow":["GET"]}}],"collection":[{"href":"https:\/\/testeascarpa.com\/pt-pt\/wp-json\/wp\/v2\/pages"}],"about":[{"href":"https:\/\/testeascarpa.com\/pt-pt\/wp-json\/wp\/v2\/types\/page"}],"author":[{"embeddable":true,"href":"https:\/\/testeascarpa.com\/pt-pt\/wp-json\/wp\/v2\/users\/2"}],"replies":[{"embeddable":true,"href":"https:\/\/testeascarpa.com\/pt-pt\/wp-json\/wp\/v2\/comments?post=1413"}],"version-history":[{"count":17,"href":"https:\/\/testeascarpa.com\/pt-pt\/wp-json\/wp\/v2\/pages\/1413\/revisions"}],"predecessor-version":[{"id":1483,"href":"https:\/\/testeascarpa.com\/pt-pt\/wp-json\/wp\/v2\/pages\/1413\/revisions\/1483"}],"wp:attachment":[{"href":"https:\/\/testeascarpa.com\/pt-pt\/wp-json\/wp\/v2\/media?parent=1413"}],"curies":[{"name":"wp","href":"https:\/\/api.w.org\/{rel}","templated":true}]}}